{"id":6816,"date":"2020-05-07T08:35:38","date_gmt":"2020-05-07T08:35:38","guid":{"rendered":"https:\/\/mexparts.com.tr\/nosotros\/"},"modified":"2023-12-25T09:52:41","modified_gmt":"2023-12-25T09:52:41","slug":"nosotros","status":"publish","type":"page","link":"https:\/\/mexparts.com.tr\/es\/nosotros\/","title":{"rendered":"nosotros"},"content":{"rendered":"\t\t<div data-elementor-type=\"wp-page\" data-elementor-id=\"6816\" class=\"elementor elementor-6816 elementor-1958\">\n\t\t\t\t\t\t<section class=\"elementor-section elementor-top-section elementor-element elementor-element-bdd9939 elementor-section-content-middle elementor-section-boxed elementor-section-height-default elementor-section-height-default\" data-id=\"bdd9939\" data-element_type=\"section\">\n\t\t\t\t\t\t<div class=\"elementor-container elementor-column-gap-extended\">\n\t\t\t\t\t<div class=\"elementor-column elementor-col-50 elementor-top-column elementor-element elementor-element-12b070d ot-flex-column-vertical\" data-id=\"12b070d\" data-element_type=\"column\">\n\t\t\t<div class=\"elementor-widget-wrap elementor-element-populated\">\n\t\t\t\t\t\t<div class=\"elementor-element elementor-element-ea70568 elementor-widget elementor-widget-image\" data-id=\"ea70568\" data-element_type=\"widget\" data-widget_type=\"image.default\">\n\t\t\t\t<div class=\"elementor-widget-container\">\n\t\t\t<style>\/*! elementor - v3.19.0 - 26-02-2024 *\/\n.elementor-widget-image{text-align:center}.elementor-widget-image a{display:inline-block}.elementor-widget-image a img[src$=\".svg\"]{width:48px}.elementor-widget-image img{vertical-align:middle;display:inline-block}<\/style>\t\t\t\t\t\t\t\t\t\t<img fetchpriority=\"high\" decoding=\"async\" width=\"1145\" height=\"722\" src=\"https:\/\/mexparts.com.tr\/wp-content\/uploads\/toplivnyiy-vozdushnyiy-salona-filtr-zap4asti.com_.ua_.jpg\" class=\"attachment-full size-full wp-image-6749\" alt=\"\" srcset=\"https:\/\/mexparts.com.tr\/wp-content\/uploads\/toplivnyiy-vozdushnyiy-salona-filtr-zap4asti.com_.ua_.jpg 1145w, https:\/\/mexparts.com.tr\/wp-content\/uploads\/toplivnyiy-vozdushnyiy-salona-filtr-zap4asti.com_.ua_-300x189.jpg 300w, https:\/\/mexparts.com.tr\/wp-content\/uploads\/toplivnyiy-vozdushnyiy-salona-filtr-zap4asti.com_.ua_-1024x646.jpg 1024w, https:\/\/mexparts.com.tr\/wp-content\/uploads\/toplivnyiy-vozdushnyiy-salona-filtr-zap4asti.com_.ua_-768x484.jpg 768w, https:\/\/mexparts.com.tr\/wp-content\/uploads\/toplivnyiy-vozdushnyiy-salona-filtr-zap4asti.com_.ua_-600x378.jpg 600w\" sizes=\"(max-width: 1145px) 100vw, 1145px\" \/>\t\t\t\t\t\t\t\t\t\t\t\t\t<\/div>\n\t\t\t\t<\/div>\n\t\t\t\t\t<\/div>\n\t\t<\/div>\n\t\t\t\t<div class=\"elementor-column elementor-col-50 elementor-top-column elementor-element elementor-element-c955026 ot-flex-column-vertical\" data-id=\"c955026\" data-element_type=\"column\">\n\t\t\t<div class=\"elementor-widget-wrap elementor-element-populated\">\n\t\t\t\t\t\t<div class=\"elementor-element elementor-element-94474d6 elementor-widget elementor-widget-iheading\" data-id=\"94474d6\" data-element_type=\"widget\" data-widget_type=\"iheading.default\">\n\t\t\t\t<div class=\"elementor-widget-container\">\n\t\t\t\t\t<div class=\"ot-heading is-dots\">\r\n\t        \t            <span>[ Sobre la empresa ]<\/span>\r\n\t        \t    <\/div>\r\n\t    \t\t<\/div>\n\t\t\t\t<\/div>\n\t\t\t\t<div class=\"elementor-element elementor-element-4408703 elementor-widget__width-initial elementor-widget elementor-widget-text-editor\" data-id=\"4408703\" data-element_type=\"widget\" data-widget_type=\"text-editor.default\">\n\t\t\t\t<div class=\"elementor-widget-container\">\n\t\t\t<style>\/*! elementor - v3.19.0 - 26-02-2024 *\/\n.elementor-widget-text-editor.elementor-drop-cap-view-stacked .elementor-drop-cap{background-color:#69727d;color:#fff}.elementor-widget-text-editor.elementor-drop-cap-view-framed .elementor-drop-cap{color:#69727d;border:3px solid;background-color:transparent}.elementor-widget-text-editor:not(.elementor-drop-cap-view-default) .elementor-drop-cap{margin-top:8px}.elementor-widget-text-editor:not(.elementor-drop-cap-view-default) .elementor-drop-cap-letter{width:1em;height:1em}.elementor-widget-text-editor .elementor-drop-cap{float:left;text-align:center;line-height:1;font-size:50px}.elementor-widget-text-editor .elementor-drop-cap-letter{display:inline-block}<\/style>\t\t\t\t<h6>Siempre estamos a su disposici\u00f3n con nuestro equipo altamente capacitado y din\u00e1mico para atender todas sus necesidades en el \u00e1mbito de los sujetadores.<\/h6>\t\t\t\t\t\t<\/div>\n\t\t\t\t<\/div>\n\t\t\t\t<div class=\"elementor-element elementor-element-e441d15 elementor-widget__width-initial elementor-widget elementor-widget-text-editor\" data-id=\"e441d15\" data-element_type=\"widget\" data-widget_type=\"text-editor.default\">\n\t\t\t\t<div class=\"elementor-widget-container\">\n\t\t\t\t\t\t\t<div class=\"flex-1 overflow-hidden\"><div class=\"react-scroll-to-bottom--css-furly-79elbk h-full\"><div class=\"react-scroll-to-bottom--css-furly-1n7m0yu\"><div class=\"flex flex-col pb-9 text-sm\"><div class=\"w-full text-token-text-primary\" data-testid=\"conversation-turn-53\"><div class=\"px-4 py-2 justify-center text-base md:gap-6 m-auto\"><div class=\"flex flex-1 text-base mx-auto gap-3 md:px-5 lg:px-1 xl:px-5 md:max-w-3xl lg:max-w-[40rem] xl:max-w-[48rem] group final-completion\"><div class=\"relative flex w-full flex-col lg:w-[calc(100%-115px)] agent-turn\"><div class=\"flex-col gap-1 md:gap-3\"><div class=\"flex flex-grow flex-col max-w-full\"><div class=\"min-h-[20px] text-message flex flex-col items-start gap-3 whitespace-pre-wrap break-words [.text-message+&amp;]:mt-5 overflow-x-auto\" data-message-author-role=\"assistant\" data-message-id=\"565d9b25-8992-47a9-8e50-9d1e807a68be\"><div class=\"markdown prose w-full break-words dark:prose-invert light\"><p>Mex Parts ofrece una amplia gama de productos, que incluye tipos de filtros, equipos de maquinaria de construcci\u00f3n, cajas de cambios y m\u00e1s. Continuamos proporcionando servicios de repuestos en su totalidad, y gracias a nuestra amplia experiencia en producci\u00f3n y \u00e9xito en exportaciones, nuestros productos son utilizados en numerosos pa\u00edses en todo el mundo.<\/p><\/div><\/div><\/div><div class=\"mt-1 flex justify-start gap-3 empty:hidden\"><div class=\"text-gray-400 flex self-end lg:self-center justify-center lg:justify-start mt-0 gap-1 visible\">\u00a0<\/div><\/div><\/div><\/div><\/div><\/div><\/div><\/div><\/div><\/div><\/div>\t\t\t\t\t\t<\/div>\n\t\t\t\t<\/div>\n\t\t\t\t\t<\/div>\n\t\t<\/div>\n\t\t\t\t\t<\/div>\n\t\t<\/section>\n\t\t\t\t<section class=\"elementor-section elementor-top-section elementor-element elementor-element-9741424 elementor-section-content-middle elementor-section-boxed elementor-section-height-default elementor-section-height-default\" data-id=\"9741424\" data-element_type=\"section\">\n\t\t\t\t\t\t<div class=\"elementor-container elementor-column-gap-extended\">\n\t\t\t\t\t<div class=\"elementor-column elementor-col-50 elementor-top-column elementor-element elementor-element-806c6e8 ot-flex-column-vertical\" data-id=\"806c6e8\" data-element_type=\"column\">\n\t\t\t<div class=\"elementor-widget-wrap elementor-element-populated\">\n\t\t\t\t\t\t<div class=\"elementor-element elementor-element-789a9b5 elementor-widget elementor-widget-iheading\" data-id=\"789a9b5\" data-element_type=\"widget\" data-widget_type=\"iheading.default\">\n\t\t\t\t<div class=\"elementor-widget-container\">\n\t\t\t\t\t<div class=\"ot-heading is-dots\">\r\n\t        \t            <span>[ Mex Parts ]<\/span>\r\n\t        \t        <h2 class=\"main-heading\">La visi\u00f3n de nuestra empresa<\/h2>\r\n\t        \t    <\/div>\r\n\t    \t\t<\/div>\n\t\t\t\t<\/div>\n\t\t\t\t<div class=\"elementor-element elementor-element-c33c20d elementor-widget elementor-widget-text-editor\" data-id=\"c33c20d\" data-element_type=\"widget\" data-widget_type=\"text-editor.default\">\n\t\t\t\t<div class=\"elementor-widget-container\">\n\t\t\t\t\t\t\t<p>Nos esforzamos por acercarnos a\u00fan m\u00e1s al consumidor, ofreciendo un comercio honesto y un servicio seguro. Como parte de nuestra estrategia, estamos trabajando en expandirnos a Turqu\u00eda y pa\u00edses cercanos en el sector de Repuestos y Filtros Mex Parts, siempre anticip\u00e1ndonos a las expectativas de nuestros clientes.<\/p>\t\t\t\t\t\t<\/div>\n\t\t\t\t<\/div>\n\t\t\t\t\t<\/div>\n\t\t<\/div>\n\t\t\t\t<div class=\"elementor-column elementor-col-50 elementor-top-column elementor-element elementor-element-660152a ot-flex-column-vertical\" data-id=\"660152a\" data-element_type=\"column\">\n\t\t\t<div class=\"elementor-widget-wrap elementor-element-populated\">\n\t\t\t\t\t\t<div class=\"elementor-element elementor-element-864552c elementor-widget elementor-widget-image\" data-id=\"864552c\" data-element_type=\"widget\" data-widget_type=\"image.default\">\n\t\t\t\t<div class=\"elementor-widget-container\">\n\t\t\t\t\t\t\t\t\t\t\t\t\t<img decoding=\"async\" src=\"https:\/\/mexparts.com.tr\/wp-content\/uploads\/elementor\/thumbs\/vision-qfo91aia8kir75jz7i4up17vymirjnyarp1pmzxz7s.png\" title=\"vision\" alt=\"vision\" loading=\"lazy\" \/>\t\t\t\t\t\t\t\t\t\t\t\t\t<\/div>\n\t\t\t\t<\/div>\n\t\t\t\t\t<\/div>\n\t\t<\/div>\n\t\t\t\t\t<\/div>\n\t\t<\/section>\n\t\t\t\t<section class=\"elementor-section elementor-top-section elementor-element elementor-element-4d068ce elementor-section-content-middle elementor-section-boxed elementor-section-height-default elementor-section-height-default\" data-id=\"4d068ce\" data-element_type=\"section\">\n\t\t\t\t\t\t<div class=\"elementor-container elementor-column-gap-extended\">\n\t\t\t\t\t<div class=\"elementor-column elementor-col-50 elementor-top-column elementor-element elementor-element-cacffe6 ot-flex-column-vertical\" data-id=\"cacffe6\" data-element_type=\"column\">\n\t\t\t<div class=\"elementor-widget-wrap elementor-element-populated\">\n\t\t\t\t\t\t<div class=\"elementor-element elementor-element-dbd55eb elementor-widget elementor-widget-iheading\" data-id=\"dbd55eb\" data-element_type=\"widget\" data-widget_type=\"iheading.default\">\n\t\t\t\t<div class=\"elementor-widget-container\">\n\t\t\t\t\t<div class=\"ot-heading is-dots\">\r\n\t        \t            <span>[ Mex Parts ]<\/span>\r\n\t        \t        <h2 class=\"main-heading\">La misi\u00f3n de nuestra empresa<\/h2>\r\n\t        \t    <\/div>\r\n\t    \t\t<\/div>\n\t\t\t\t<\/div>\n\t\t\t\t<div class=\"elementor-element elementor-element-edf7e1f elementor-widget elementor-widget-text-editor\" data-id=\"edf7e1f\" data-element_type=\"widget\" data-widget_type=\"text-editor.default\">\n\t\t\t\t<div class=\"elementor-widget-container\">\n\t\t\t\t\t\t\t<p>Nuestra meta consiste en incrementar de manera constante y substancial el valor que generamos para nuestros clientes, empleados, la sociedad y el medio ambiente, gracias a nuestra eficiencia, agilidad y confiabilidad.<\/p>\t\t\t\t\t\t<\/div>\n\t\t\t\t<\/div>\n\t\t\t\t\t<\/div>\n\t\t<\/div>\n\t\t\t\t<div class=\"elementor-column elementor-col-50 elementor-top-column elementor-element elementor-element-5a71e4d ot-flex-column-vertical\" data-id=\"5a71e4d\" data-element_type=\"column\">\n\t\t\t<div class=\"elementor-widget-wrap elementor-element-populated\">\n\t\t\t\t\t\t<div class=\"elementor-element elementor-element-b6cda7c elementor-widget elementor-widget-image\" data-id=\"b6cda7c\" data-element_type=\"widget\" data-widget_type=\"image.default\">\n\t\t\t\t<div class=\"elementor-widget-container\">\n\t\t\t\t\t\t\t\t\t\t\t\t\t<img decoding=\"async\" src=\"https:\/\/mexparts.com.tr\/wp-content\/uploads\/elementor\/thumbs\/shutterstock_516754216-qfo8z0qbpzet52urh0sb63usa3ptxzxnggagvxb894.jpg\" title=\"Mission,Word,Of,Wood,Alphabet,With,Shadow,On,Cork,Board,compressed\" alt=\"MISSION word of wood alphabet with shadow on cork board,compressed board\" loading=\"lazy\" \/>\t\t\t\t\t\t\t\t\t\t\t\t\t<\/div>\n\t\t\t\t<\/div>\n\t\t\t\t\t<\/div>\n\t\t<\/div>\n\t\t\t\t\t<\/div>\n\t\t<\/section>\n\t\t\t\t<\/div>\n\t\t","protected":false},"excerpt":{"rendered":"<p>[ Sobre la empresa ] Siempre estamos a su disposici\u00f3n con nuestro equipo altamente capacitado y din\u00e1mico para atender todas sus necesidades en el \u00e1mbito de los sujetadores. Mex Parts ofrece una amplia gama de productos, que incluye tipos de filtros, equipos de maquinaria de construcci\u00f3n, cajas de cambios y m\u00e1s. Continuamos proporcionando servicios de [&hellip;]<\/p>\n","protected":false},"author":2,"featured_media":0,"parent":0,"menu_order":0,"comment_status":"closed","ping_status":"closed","template":"","meta":{"footnotes":""},"class_list":["post-6816","page","type-page","status-publish","hentry"],"_links":{"self":[{"href":"https:\/\/mexparts.com.tr\/es\/wp-json\/wp\/v2\/pages\/6816","targetHints":{"allow":["GET"]}}],"collection":[{"href":"https:\/\/mexparts.com.tr\/es\/wp-json\/wp\/v2\/pages"}],"about":[{"href":"https:\/\/mexparts.com.tr\/es\/wp-json\/wp\/v2\/types\/page"}],"author":[{"embeddable":true,"href":"https:\/\/mexparts.com.tr\/es\/wp-json\/wp\/v2\/users\/2"}],"replies":[{"embeddable":true,"href":"https:\/\/mexparts.com.tr\/es\/wp-json\/wp\/v2\/comments?post=6816"}],"version-history":[{"count":7,"href":"https:\/\/mexparts.com.tr\/es\/wp-json\/wp\/v2\/pages\/6816\/revisions"}],"predecessor-version":[{"id":6936,"href":"https:\/\/mexparts.com.tr\/es\/wp-json\/wp\/v2\/pages\/6816\/revisions\/6936"}],"wp:attachment":[{"href":"https:\/\/mexparts.com.tr\/es\/wp-json\/wp\/v2\/media?parent=6816"}],"curies":[{"name":"wp","href":"https:\/\/api.w.org\/{rel}","templated":true}]}}