{"id":6789,"date":"2020-05-07T08:35:38","date_gmt":"2020-05-07T08:35:38","guid":{"rendered":"https:\/\/mexparts.com.tr\/hakkimizda\/"},"modified":"2023-12-19T05:30:25","modified_gmt":"2023-12-19T05:30:25","slug":"hakkimizda","status":"publish","type":"page","link":"https:\/\/mexparts.com.tr\/tr\/hakkimizda\/","title":{"rendered":"Hakk\u0131m\u0131zda"},"content":{"rendered":"\t\t<div data-elementor-type=\"wp-page\" data-elementor-id=\"6789\" class=\"elementor elementor-6789 elementor-1958\">\n\t\t\t\t\t\t<section class=\"elementor-section elementor-top-section elementor-element elementor-element-bdd9939 elementor-section-content-middle elementor-section-boxed elementor-section-height-default elementor-section-height-default\" data-id=\"bdd9939\" data-element_type=\"section\">\n\t\t\t\t\t\t<div class=\"elementor-container elementor-column-gap-extended\">\n\t\t\t\t\t<div class=\"elementor-column elementor-col-50 elementor-top-column elementor-element elementor-element-12b070d ot-flex-column-vertical\" data-id=\"12b070d\" data-element_type=\"column\">\n\t\t\t<div class=\"elementor-widget-wrap elementor-element-populated\">\n\t\t\t\t\t\t<div class=\"elementor-element elementor-element-ea70568 elementor-widget elementor-widget-image\" data-id=\"ea70568\" data-element_type=\"widget\" data-widget_type=\"image.default\">\n\t\t\t\t<div class=\"elementor-widget-container\">\n\t\t\t<style>\/*! elementor - v3.19.0 - 26-02-2024 *\/\n.elementor-widget-image{text-align:center}.elementor-widget-image a{display:inline-block}.elementor-widget-image a img[src$=\".svg\"]{width:48px}.elementor-widget-image img{vertical-align:middle;display:inline-block}<\/style>\t\t\t\t\t\t\t\t\t\t<img fetchpriority=\"high\" decoding=\"async\" width=\"1145\" height=\"722\" src=\"https:\/\/mexparts.com.tr\/wp-content\/uploads\/toplivnyiy-vozdushnyiy-salona-filtr-zap4asti.com_.ua_.jpg\" class=\"attachment-full size-full wp-image-6750\" alt=\"\" srcset=\"https:\/\/mexparts.com.tr\/wp-content\/uploads\/toplivnyiy-vozdushnyiy-salona-filtr-zap4asti.com_.ua_.jpg 1145w, https:\/\/mexparts.com.tr\/wp-content\/uploads\/toplivnyiy-vozdushnyiy-salona-filtr-zap4asti.com_.ua_-300x189.jpg 300w, https:\/\/mexparts.com.tr\/wp-content\/uploads\/toplivnyiy-vozdushnyiy-salona-filtr-zap4asti.com_.ua_-1024x646.jpg 1024w, https:\/\/mexparts.com.tr\/wp-content\/uploads\/toplivnyiy-vozdushnyiy-salona-filtr-zap4asti.com_.ua_-768x484.jpg 768w, https:\/\/mexparts.com.tr\/wp-content\/uploads\/toplivnyiy-vozdushnyiy-salona-filtr-zap4asti.com_.ua_-600x378.jpg 600w\" sizes=\"(max-width: 1145px) 100vw, 1145px\" \/>\t\t\t\t\t\t\t\t\t\t\t\t\t<\/div>\n\t\t\t\t<\/div>\n\t\t\t\t\t<\/div>\n\t\t<\/div>\n\t\t\t\t<div class=\"elementor-column elementor-col-50 elementor-top-column elementor-element elementor-element-c955026 ot-flex-column-vertical\" data-id=\"c955026\" data-element_type=\"column\">\n\t\t\t<div class=\"elementor-widget-wrap elementor-element-populated\">\n\t\t\t\t\t\t<div class=\"elementor-element elementor-element-94474d6 elementor-widget elementor-widget-iheading\" data-id=\"94474d6\" data-element_type=\"widget\" data-widget_type=\"iheading.default\">\n\t\t\t\t<div class=\"elementor-widget-container\">\n\t\t\t\t\t<div class=\"ot-heading is-dots\">\r\n\t        \t            <span>[ \u015eirket hakk\u0131nda ]<\/span>\r\n\t        \t    <\/div>\r\n\t    \t\t<\/div>\n\t\t\t\t<\/div>\n\t\t\t\t<div class=\"elementor-element elementor-element-4408703 elementor-widget__width-initial elementor-widget elementor-widget-text-editor\" data-id=\"4408703\" data-element_type=\"widget\" data-widget_type=\"text-editor.default\">\n\t\t\t\t<div class=\"elementor-widget-container\">\n\t\t\t<style>\/*! elementor - v3.19.0 - 26-02-2024 *\/\n.elementor-widget-text-editor.elementor-drop-cap-view-stacked .elementor-drop-cap{background-color:#69727d;color:#fff}.elementor-widget-text-editor.elementor-drop-cap-view-framed .elementor-drop-cap{color:#69727d;border:3px solid;background-color:transparent}.elementor-widget-text-editor:not(.elementor-drop-cap-view-default) .elementor-drop-cap{margin-top:8px}.elementor-widget-text-editor:not(.elementor-drop-cap-view-default) .elementor-drop-cap-letter{width:1em;height:1em}.elementor-widget-text-editor .elementor-drop-cap{float:left;text-align:center;line-height:1;font-size:50px}.elementor-widget-text-editor .elementor-drop-cap-letter{display:inline-block}<\/style>\t\t\t\t<h6>Ba\u011flant\u0131 elemanlar\u0131 konusunda t\u00fcm ihtiya\u00e7lar\u0131n\u0131z i\u00e7in uzman ve dinamik ekibimizle her zaman hizmetinizdeyiz.<\/h6>\n\t\t\t\t\t\t<\/div>\n\t\t\t\t<\/div>\n\t\t\t\t<div class=\"elementor-element elementor-element-e441d15 elementor-widget__width-initial elementor-widget elementor-widget-text-editor\" data-id=\"e441d15\" data-element_type=\"widget\" data-widget_type=\"text-editor.default\">\n\t\t\t\t<div class=\"elementor-widget-container\">\n\t\t\t\t\t\t\t<p>Mex Parts, filtre \u00e7e\u015fitleri, i\u015f makinalar\u0131 ekipmanlar\u0131, di\u015fli kutular\u0131 vb. ba\u015fta olmak \u00fczere t\u00fcm yedek par\u00e7a grubuyla hizmetlerine devam etmektedir. Uzun y\u0131llara dayanan \u00fcretim tecr\u00fcbemiz ve ihracat ba\u015far\u0131m\u0131z sayesinde \u00fcr\u00fcnlerimiz d\u00fcnyan\u0131n bir\u00e7ok \u00fclkesinde kullan\u0131lmaktad\u0131r.<\/p>\n\t\t\t\t\t\t<\/div>\n\t\t\t\t<\/div>\n\t\t\t\t\t<\/div>\n\t\t<\/div>\n\t\t\t\t\t<\/div>\n\t\t<\/section>\n\t\t\t\t<section class=\"elementor-section elementor-top-section elementor-element elementor-element-9741424 elementor-section-content-middle elementor-section-boxed elementor-section-height-default elementor-section-height-default\" data-id=\"9741424\" data-element_type=\"section\">\n\t\t\t\t\t\t<div class=\"elementor-container elementor-column-gap-extended\">\n\t\t\t\t\t<div class=\"elementor-column elementor-col-50 elementor-top-column elementor-element elementor-element-806c6e8 ot-flex-column-vertical\" data-id=\"806c6e8\" data-element_type=\"column\">\n\t\t\t<div class=\"elementor-widget-wrap elementor-element-populated\">\n\t\t\t\t\t\t<div class=\"elementor-element elementor-element-789a9b5 elementor-widget elementor-widget-iheading\" data-id=\"789a9b5\" data-element_type=\"widget\" data-widget_type=\"iheading.default\">\n\t\t\t\t<div class=\"elementor-widget-container\">\n\t\t\t\t\t<div class=\"ot-heading is-dots\">\r\n\t        \t            <span>[ Mex Parts ]<\/span>\r\n\t        \t        <h2 class=\"main-heading\">\u015eirketimizin Vizyonu<\/h2>\r\n\t        \t    <\/div>\r\n\t    \t\t<\/div>\n\t\t\t\t<\/div>\n\t\t\t\t<div class=\"elementor-element elementor-element-c33c20d elementor-widget elementor-widget-text-editor\" data-id=\"c33c20d\" data-element_type=\"widget\" data-widget_type=\"text-editor.default\">\n\t\t\t\t<div class=\"elementor-widget-container\">\n\t\t\t\t\t\t\t<p>Mex Parts Yedek Par\u00e7a ve Filtre sekt\u00f6r\u00fcnde, T\u00fcrkiye ve \u00e7evre \u00fclkelere geni\u015fleme ve t\u00fcketici beklentilerinin her zaman \u00f6n\u00fcnde olma stratejisiyle, d\u00fcr\u00fcst ticaret ve g\u00fcvenli hizmet sunarak t\u00fcketiciye en yak\u0131n olmak.<\/p>\n\t\t\t\t\t\t<\/div>\n\t\t\t\t<\/div>\n\t\t\t\t\t<\/div>\n\t\t<\/div>\n\t\t\t\t<div class=\"elementor-column elementor-col-50 elementor-top-column elementor-element elementor-element-660152a ot-flex-column-vertical\" data-id=\"660152a\" data-element_type=\"column\">\n\t\t\t<div class=\"elementor-widget-wrap elementor-element-populated\">\n\t\t\t\t\t\t<div class=\"elementor-element elementor-element-864552c elementor-widget elementor-widget-image\" data-id=\"864552c\" data-element_type=\"widget\" data-widget_type=\"image.default\">\n\t\t\t\t<div class=\"elementor-widget-container\">\n\t\t\t\t\t\t\t\t\t\t\t\t\t<img decoding=\"async\" src=\"https:\/\/mexparts.com.tr\/wp-content\/uploads\/elementor\/thumbs\/vision-qfo91aia8kir75jz7i4up17vymirjnyarp1pmzxz7s.png\" title=\"vision\" alt=\"vision\" loading=\"lazy\" \/>\t\t\t\t\t\t\t\t\t\t\t\t\t<\/div>\n\t\t\t\t<\/div>\n\t\t\t\t\t<\/div>\n\t\t<\/div>\n\t\t\t\t\t<\/div>\n\t\t<\/section>\n\t\t\t\t<section class=\"elementor-section elementor-top-section elementor-element elementor-element-4d068ce elementor-section-content-middle elementor-section-boxed elementor-section-height-default elementor-section-height-default\" data-id=\"4d068ce\" data-element_type=\"section\">\n\t\t\t\t\t\t<div class=\"elementor-container elementor-column-gap-extended\">\n\t\t\t\t\t<div class=\"elementor-column elementor-col-50 elementor-top-column elementor-element elementor-element-cacffe6 ot-flex-column-vertical\" data-id=\"cacffe6\" data-element_type=\"column\">\n\t\t\t<div class=\"elementor-widget-wrap elementor-element-populated\">\n\t\t\t\t\t\t<div class=\"elementor-element elementor-element-dbd55eb elementor-widget elementor-widget-iheading\" data-id=\"dbd55eb\" data-element_type=\"widget\" data-widget_type=\"iheading.default\">\n\t\t\t\t<div class=\"elementor-widget-container\">\n\t\t\t\t\t<div class=\"ot-heading is-dots\">\r\n\t        \t            <span>[ Mex Parts ]<\/span>\r\n\t        \t        <h2 class=\"main-heading\">\u015eirketimizin Misyonu<\/h2>\r\n\t        \t    <\/div>\r\n\t    \t\t<\/div>\n\t\t\t\t<\/div>\n\t\t\t\t<div class=\"elementor-element elementor-element-edf7e1f elementor-widget elementor-widget-text-editor\" data-id=\"edf7e1f\" data-element_type=\"widget\" data-widget_type=\"text-editor.default\">\n\t\t\t\t<div class=\"elementor-widget-container\">\n\t\t\t\t\t\t\t<p id=\"tw-target-text\" class=\"tw-data-text tw-text-large tw-ta\" dir=\"ltr\" data-placeholder=\"\u00c7eviri\" data-ved=\"2ahUKEwjv69KDrdSCAxWw_7sIHeQGAeUQ3ewLegQICBAQ\"><span class=\"Y2IQFc\" lang=\"en\">Amac\u0131m\u0131z verimlili\u011fimiz, \u00e7evikli\u011fimiz ve g\u00fcvenilirli\u011fimizle m\u00fc\u015fterilerimize, \u00e7al\u0131\u015fanlar\u0131m\u0131za, topluma ve \u00e7evreye katt\u0131\u011f\u0131m\u0131z de\u011feri s\u00fcrekli ve \u00f6nemli \u00f6l\u00e7\u00fcde art\u0131rmakt\u0131r.<\/span><\/p>\n\t\t\t\t\t\t<\/div>\n\t\t\t\t<\/div>\n\t\t\t\t\t<\/div>\n\t\t<\/div>\n\t\t\t\t<div class=\"elementor-column elementor-col-50 elementor-top-column elementor-element elementor-element-5a71e4d ot-flex-column-vertical\" data-id=\"5a71e4d\" data-element_type=\"column\">\n\t\t\t<div class=\"elementor-widget-wrap elementor-element-populated\">\n\t\t\t\t\t\t<div class=\"elementor-element elementor-element-b6cda7c elementor-widget elementor-widget-image\" data-id=\"b6cda7c\" data-element_type=\"widget\" data-widget_type=\"image.default\">\n\t\t\t\t<div class=\"elementor-widget-container\">\n\t\t\t\t\t\t\t\t\t\t\t\t\t<img decoding=\"async\" src=\"https:\/\/mexparts.com.tr\/wp-content\/uploads\/elementor\/thumbs\/shutterstock_516754216-qfo8z0qbpzet52urh0sb63usa3ptxzxnggagvxb894.jpg\" title=\"Mission,Word,Of,Wood,Alphabet,With,Shadow,On,Cork,Board,compressed\" alt=\"MISSION word of wood alphabet with shadow on cork board,compressed board\" loading=\"lazy\" \/>\t\t\t\t\t\t\t\t\t\t\t\t\t<\/div>\n\t\t\t\t<\/div>\n\t\t\t\t\t<\/div>\n\t\t<\/div>\n\t\t\t\t\t<\/div>\n\t\t<\/section>\n\t\t\t\t<\/div>\n\t\t","protected":false},"excerpt":{"rendered":"<p>[ \u015eirket hakk\u0131nda ] Ba\u011flant\u0131 elemanlar\u0131 konusunda t\u00fcm ihtiya\u00e7lar\u0131n\u0131z i\u00e7in uzman ve dinamik ekibimizle her zaman hizmetinizdeyiz. Mex Parts, filtre \u00e7e\u015fitleri, i\u015f makinalar\u0131 ekipmanlar\u0131, di\u015fli kutular\u0131 vb. ba\u015fta olmak \u00fczere t\u00fcm yedek par\u00e7a grubuyla hizmetlerine devam etmektedir. Uzun y\u0131llara dayanan \u00fcretim tecr\u00fcbemiz ve ihracat ba\u015far\u0131m\u0131z sayesinde \u00fcr\u00fcnlerimiz d\u00fcnyan\u0131n bir\u00e7ok \u00fclkesinde kullan\u0131lmaktad\u0131r. [ Mex Parts ] [&hellip;]<\/p>\n","protected":false},"author":2,"featured_media":0,"parent":0,"menu_order":0,"comment_status":"closed","ping_status":"closed","template":"","meta":{"footnotes":""},"class_list":["post-6789","page","type-page","status-publish","hentry"],"_links":{"self":[{"href":"https:\/\/mexparts.com.tr\/tr\/wp-json\/wp\/v2\/pages\/6789","targetHints":{"allow":["GET"]}}],"collection":[{"href":"https:\/\/mexparts.com.tr\/tr\/wp-json\/wp\/v2\/pages"}],"about":[{"href":"https:\/\/mexparts.com.tr\/tr\/wp-json\/wp\/v2\/types\/page"}],"author":[{"embeddable":true,"href":"https:\/\/mexparts.com.tr\/tr\/wp-json\/wp\/v2\/users\/2"}],"replies":[{"embeddable":true,"href":"https:\/\/mexparts.com.tr\/tr\/wp-json\/wp\/v2\/comments?post=6789"}],"version-history":[{"count":3,"href":"https:\/\/mexparts.com.tr\/tr\/wp-json\/wp\/v2\/pages\/6789\/revisions"}],"predecessor-version":[{"id":6792,"href":"https:\/\/mexparts.com.tr\/tr\/wp-json\/wp\/v2\/pages\/6789\/revisions\/6792"}],"wp:attachment":[{"href":"https:\/\/mexparts.com.tr\/tr\/wp-json\/wp\/v2\/media?parent=6789"}],"curies":[{"name":"wp","href":"https:\/\/api.w.org\/{rel}","templated":true}]}}